{"id":9,"date":"2019-09-06T10:27:03","date_gmt":"2019-09-06T08:27:03","guid":{"rendered":"https:\/\/herzblut-wedding.de\/?page_id=9"},"modified":"2019-09-18T21:54:49","modified_gmt":"2019-09-18T19:54:49","slug":"ueber-mich","status":"publish","type":"page","link":"https:\/\/herzblut-wedding.de\/?page_id=9","title":{"rendered":"\u00dcber mich"},"content":{"rendered":"<p>Mein Name ist&nbsp;Kristin,&nbsp;ich bin in &nbsp;Gera geboren und&nbsp; Mama von 2 kleinen Wirbelwinden. Ich liebte schon als Kind die Magie der Worte. Da ich leidenschaftliche Gl\u00fccksmomentesammlerin bin, l\u00e4uft mein Herz fast \u00fcber wenn ich Hochzeiten begleiten oder&nbsp;Ihnen den passenden Rahmen verleihen darf.&nbsp;<\/p>\n<p>Ich liebe es Neues zu erschaffen. Lasst uns miteinander \u00fcber eure W\u00fcnsche und Vorstellungen sprechen, um aus eurer Trauung ein ganz besonderes Unikat zu machen.&nbsp;<\/p>\n<p>Ja, ich will-Eure Trauung nach Euren W\u00fcnschen und mit Eurer Geschichte gestalten!<\/p>\n<p><strong>&#8222;Herzblut&#8220;<\/strong> hat mich &#8222;gerufen&#8220; und die Arbeit mit Menschen bereichert mein Leben jeden Tag aufs Neue. Deswegen spreche ich von einer Berufung und es f\u00fchlt sich genau so an!<\/p>\n\n\n<figure class=\"wp-block-image is-resized\"><img loading=\"lazy\" decoding=\"async\" src=\"https:\/\/herzblut-wedding.de\/wp-content\/uploads\/2019\/09\/kristin-peter-herzblut-wedding-664x1024.jpg\" alt=\"\" class=\"wp-image-38\" width=\"152\" height=\"234\" srcset=\"https:\/\/herzblut-wedding.de\/wp-content\/uploads\/2019\/09\/kristin-peter-herzblut-wedding-664x1024.jpg 664w, https:\/\/herzblut-wedding.de\/wp-content\/uploads\/2019\/09\/kristin-peter-herzblut-wedding-194x300.jpg 194w, https:\/\/herzblut-wedding.de\/wp-content\/uploads\/2019\/09\/kristin-peter-herzblut-wedding-768x1185.jpg 768w, https:\/\/herzblut-wedding.de\/wp-content\/uploads\/2019\/09\/kristin-peter-herzblut-wedding.jpg 800w\" sizes=\"auto, (max-width: 152px) 100vw, 152px\" \/><\/figure>\n","protected":false},"excerpt":{"rendered":"<p>Mein Name ist&nbsp;Kristin,&nbsp;ich bin in &nbsp;Gera geboren und&nbsp; Mama von 2 kleinen Wirbelwinden. Ich liebte schon als Kind die Magie der Worte. Da ich leidenschaftliche Gl\u00fccksmomentesammlerin bin, l\u00e4uft mein Herz fast \u00fcber wenn ich Hochzeiten begleiten oder&nbsp;Ihnen den passenden Rahmen verleihen darf.&nbsp; Ich liebe es Neues zu erschaffen. Lasst uns miteinander \u00fcber eure W\u00fcnsche und &hellip; <\/p>\n<p class=\"link-more\"><a href=\"https:\/\/herzblut-wedding.de\/?page_id=9\" class=\"more-link\"><span class=\"screen-reader-text\">\u201e\u00dcber mich\u201c<\/span> weiterlesen<\/a><\/p>\n","protected":false},"author":1,"featured_media":41,"parent":0,"menu_order":0,"comment_status":"closed","ping_status":"closed","template":"","meta":{"footnotes":""},"class_list":["post-9","page","type-page","status-publish","has-post-thumbnail","hentry"],"_links":{"self":[{"href":"https:\/\/herzblut-wedding.de\/index.php?rest_route=\/wp\/v2\/pages\/9","targetHints":{"allow":["GET"]}}],"collection":[{"href":"https:\/\/herzblut-wedding.de\/index.php?rest_route=\/wp\/v2\/pages"}],"about":[{"href":"https:\/\/herzblut-wedding.de\/index.php?rest_route=\/wp\/v2\/types\/page"}],"author":[{"embeddable":true,"href":"https:\/\/herzblut-wedding.de\/index.php?rest_route=\/wp\/v2\/users\/1"}],"replies":[{"embeddable":true,"href":"https:\/\/herzblut-wedding.de\/index.php?rest_route=%2Fwp%2Fv2%2Fcomments&post=9"}],"version-history":[{"count":4,"href":"https:\/\/herzblut-wedding.de\/index.php?rest_route=\/wp\/v2\/pages\/9\/revisions"}],"predecessor-version":[{"id":72,"href":"https:\/\/herzblut-wedding.de\/index.php?rest_route=\/wp\/v2\/pages\/9\/revisions\/72"}],"wp:featuredmedia":[{"embeddable":true,"href":"https:\/\/herzblut-wedding.de\/index.php?rest_route=\/wp\/v2\/media\/41"}],"wp:attachment":[{"href":"https:\/\/herzblut-wedding.de\/index.php?rest_route=%2Fwp%2Fv2%2Fmedia&parent=9"}],"curies":[{"name":"wp","href":"https:\/\/api.w.org\/{rel}","templated":true}]}}